{"id":1691,"date":"2020-04-13T11:18:52","date_gmt":"2020-04-13T09:18:52","guid":{"rendered":"https:\/\/nomopolis.org\/index.php\/about\/"},"modified":"2026-04-17T13:51:48","modified_gmt":"2026-04-17T11:51:48","slug":"comites-2","status":"publish","type":"page","link":"https:\/\/nomopolis.org\/en\/comites-2\/","title":{"rendered":"Committees"},"content":{"rendered":"<div data-elementor-type=\"wp-page\" data-elementor-id=\"1691\" class=\"elementor elementor-1691\">\n\t\t\t\t\t\t<section class=\"elementor-section elementor-top-section elementor-element elementor-element-5131a13e elementor-section-boxed elementor-section-height-default elementor-section-height-default\" data-id=\"5131a13e\" data-element_type=\"section\" data-e-type=\"section\" data-settings=\"{&quot;background_background&quot;:&quot;classic&quot;}\">\n\t\t\t\t\t\t<div class=\"elementor-container elementor-column-gap-default\">\n\t\t\t\t\t<div class=\"elementor-column elementor-col-100 elementor-top-column elementor-element elementor-element-1053ca7a\" data-id=\"1053ca7a\" data-element_type=\"column\" data-e-type=\"column\">\n\t\t\t<div class=\"elementor-widget-wrap elementor-element-populated\">\n\t\t\t\t\t\t<div class=\"elementor-element elementor-element-3d99e122 elementor-widget elementor-widget-heading\" data-id=\"3d99e122\" data-element_type=\"widget\" data-e-type=\"widget\" data-widget_type=\"heading.default\">\n\t\t\t\t<div class=\"elementor-widget-container\">\n\t\t\t\t\t<h1 class=\"elementor-heading-title elementor-size-default\">Committees<\/h1>\t\t\t\t<\/div>\n\t\t\t\t<\/div>\n\t\t\t\t\t<\/div>\n\t\t<\/div>\n\t\t\t\t\t<\/div>\n\t\t<\/section>\n\t\t\t\t<section class=\"elementor-section elementor-top-section elementor-element elementor-element-d538ce0 elementor-section-boxed elementor-section-height-default elementor-section-height-default\" data-id=\"d538ce0\" data-element_type=\"section\" data-e-type=\"section\">\n\t\t\t\t\t\t<div class=\"elementor-container elementor-column-gap-default\">\n\t\t\t\t\t<div class=\"elementor-column elementor-col-100 elementor-top-column elementor-element elementor-element-6a3e62c\" data-id=\"6a3e62c\" data-element_type=\"column\" data-e-type=\"column\">\n\t\t\t<div class=\"elementor-widget-wrap elementor-element-populated\">\n\t\t\t\t\t\t<div class=\"elementor-element elementor-element-fb3478c elementor-widget elementor-widget-spacer\" data-id=\"fb3478c\" data-element_type=\"widget\" data-e-type=\"widget\" data-widget_type=\"spacer.default\">\n\t\t\t\t<div class=\"elementor-widget-container\">\n\t\t\t\t\t\t\t<div class=\"elementor-spacer\">\n\t\t\t<div class=\"elementor-spacer-inner\"><\/div>\n\t\t<\/div>\n\t\t\t\t\t\t<\/div>\n\t\t\t\t<\/div>\n\t\t\t\t<div class=\"elementor-element elementor-element-5da74ab elementor-widget elementor-widget-text-editor\" data-id=\"5da74ab\" data-element_type=\"widget\" data-e-type=\"widget\" data-widget_type=\"text-editor.default\">\n\t\t\t\t<div class=\"elementor-widget-container\">\n\t\t\t\t\t\t\t\t\t<p class=\"translation-block\">In accordance with the journal's objectives, the committees of Nomopolis have an international dimension and cover all areas of Law and Political science.  The editorial board is more specifically composed of members of the Centre Jean Bodin of the University of Angers.<\/p>\t\t\t\t\t\t\t\t<\/div>\n\t\t\t\t<\/div>\n\t\t\t\t<div class=\"elementor-element elementor-element-4214d42 elementor-widget elementor-widget-spacer\" data-id=\"4214d42\" data-element_type=\"widget\" data-e-type=\"widget\" data-widget_type=\"spacer.default\">\n\t\t\t\t<div class=\"elementor-widget-container\">\n\t\t\t\t\t\t\t<div class=\"elementor-spacer\">\n\t\t\t<div class=\"elementor-spacer-inner\"><\/div>\n\t\t<\/div>\n\t\t\t\t\t\t<\/div>\n\t\t\t\t<\/div>\n\t\t\t\t\t<\/div>\n\t\t<\/div>\n\t\t\t\t\t<\/div>\n\t\t<\/section>\n\t\t\t\t<section class=\"elementor-section elementor-top-section elementor-element elementor-element-b304816 elementor-section-boxed elementor-section-height-default elementor-section-height-default\" data-id=\"b304816\" data-element_type=\"section\" data-e-type=\"section\">\n\t\t\t\t\t\t<div class=\"elementor-container elementor-column-gap-default\">\n\t\t\t\t\t<div class=\"elementor-column elementor-col-100 elementor-top-column elementor-element elementor-element-751822b\" data-id=\"751822b\" data-element_type=\"column\" data-e-type=\"column\">\n\t\t\t<div class=\"elementor-widget-wrap elementor-element-populated\">\n\t\t\t\t\t\t<div class=\"elementor-element elementor-element-2a11e23 elementor-tabs-view-horizontal elementor-widget elementor-widget-tabs\" data-id=\"2a11e23\" data-element_type=\"widget\" data-e-type=\"widget\" data-widget_type=\"tabs.default\">\n\t\t\t\t<div class=\"elementor-widget-container\">\n\t\t\t\t\t\t\t<div class=\"elementor-tabs\">\n\t\t\t<div class=\"elementor-tabs-wrapper\" role=\"tablist\" >\n\t\t\t\t\t\t\t\t\t<div id=\"elementor-tab-title-4411\" class=\"elementor-tab-title elementor-tab-desktop-title\" aria-selected=\"true\" data-tab=\"1\" role=\"tab\" tabindex=\"0\" aria-controls=\"elementor-tab-content-4411\" aria-expanded=\"false\">Editorial board<\/div>\n\t\t\t\t\t\t\t\t\t<div id=\"elementor-tab-title-4412\" class=\"elementor-tab-title elementor-tab-desktop-title\" aria-selected=\"false\" data-tab=\"2\" role=\"tab\" tabindex=\"-1\" aria-controls=\"elementor-tab-content-4412\" aria-expanded=\"false\">Scientific committee<\/div>\n\t\t\t\t\t\t\t<\/div>\n\t\t\t<div class=\"elementor-tabs-content-wrapper\" role=\"tablist\" aria-orientation=\"vertical\">\n\t\t\t\t\t\t\t\t\t<div class=\"elementor-tab-title elementor-tab-mobile-title\" aria-selected=\"true\" data-tab=\"1\" role=\"tab\" tabindex=\"0\" aria-controls=\"elementor-tab-content-4411\" aria-expanded=\"false\">Editorial board<\/div>\n\t\t\t\t\t<div id=\"elementor-tab-content-4411\" class=\"elementor-tab-content elementor-clearfix\" data-tab=\"1\" role=\"tabpanel\" aria-labelledby=\"elementor-tab-title-4411\" tabindex=\"0\" hidden=\"false\"><p style=\"text-align: center;\"><strong>Editorial director<\/strong><\/p>\n<p style=\"text-align: center;\">Fran\u00e7ois Hourmant&nbsp; (Universit\u00e9 d&rsquo;Angers)<\/p>\n<p style=\"text-align: center;\"><strong>Editor in chief<\/strong><\/p>\n<p style=\"text-align: center;\">Erwan Sommerer (University of Angers)<\/p>\n<p style=\"text-align: center;\"><strong>Comit\u00e9 de r\u00e9daction :<\/strong><\/p>\n<p style=\"text-align: center;\">Florian Aumond (Universit\u00e9 de Poitiers)<\/p><p style=\"text-align: center;\">Caroline Duparc (University of Angers)<\/p>\n<p style=\"text-align: center;\"><span style=\"font-style: inherit; font-weight: inherit;\">Rosa Gauriau (University of Angers)<\/span><\/p>\n<p style=\"text-align: center;\">Sophie Lambert-Wiber (Universit\u00e9 d&rsquo;Angers)<\/p><\/div>\n\t\t\t\t\t\t\t\t\t<div class=\"elementor-tab-title elementor-tab-mobile-title\" aria-selected=\"false\" data-tab=\"2\" role=\"tab\" tabindex=\"-1\" aria-controls=\"elementor-tab-content-4412\" aria-expanded=\"false\">Scientific committee<\/div>\n\t\t\t\t\t<div id=\"elementor-tab-content-4412\" class=\"elementor-tab-content elementor-clearfix\" data-tab=\"2\" role=\"tabpanel\" aria-labelledby=\"elementor-tab-title-4412\" tabindex=\"0\" hidden=\"hidden\"><p style=\"text-align: center;\"><span id=\"DWT136\" class=\"ZmSearchResult\">Myriam<\/span> A\u00eft-Aoudia (Universit\u00e9 de Picardie)<\/p><p style=\"text-align: center;\">Angelica Bernal (United States \u2013 University of Massachusetts Amherst)<\/p><p style=\"text-align: center;\">Fr\u00e9d\u00e9ric Boily (Canada \u2013 University of Alberta)<\/p><p style=\"text-align: center;\">Anne-Sophie Chambost (Sciences po Lyon)<\/p><p style=\"text-align: center;\">Gabriela Neves Delgado (Br\u00e9sil &#8211; University of Bras\u00edlia)<\/p><p style=\"text-align: center;\">Jos\u00e9 Luis Cea Ega\u00f1a (Chili &#8211; Universidad Cat\u00f3lica de Chile)<\/p><p style=\"text-align: center;\">Bernard Gauriau (France \u2013 University of Angers)<\/p><p style=\"text-align: center;\">Feliciano Guilherme Guimar\u00e3es (Brazil \u2013 University of S\u00e3o Paulo Law School)<\/p><p style=\"text-align: center;\">Hiroki Hatano (Japon &#8211; Universit\u00e9 de Tokyo)<\/p><p style=\"text-align: center;\">Andreas Kalyvas (Etats-Unis &#8211; The New School of Social Research)<\/p><p style=\"text-align: center;\">Olivier Lecucq (France \u2013 University of Pau)<\/p><p style=\"text-align: center;\">Arnaud Martin (France \u2013 University of Bordeaux)<\/p><p style=\"text-align: center;\">Alina Miron (France \u2013 University of Angers)<\/p><p style=\"text-align: center;\">Humberto Nogueira (Chile \u2013 Universidad de Talca)<\/p><p style=\"text-align: center;\">Jean-Yves Pranch\u00e8re (Belgium \u2013 Free University of Brussels)<\/p><p style=\"text-align: center;\">Guillaume Rousseau (Quebec \u2013 University of Sherbrooke)<\/p><p style=\"text-align: center;\">Mana Shimaoka (Japan- University of Osaka)<\/p><p style=\"text-align: center;\"><i>James C. Scott (Etats-Unis &#8211; Yale University) 1936-2024<\/i><\/p><p style=\"text-align: center;\">Vassili Tokarev (Russia \u2013 University of Moscou)<\/p><p style=\"text-align: center;\">Miguel Vatter (Australia \u2013 Deakin University)<\/p><p style=\"text-align: center;\">Illan Wall (United Kingdom - University of Warwick)<\/p><\/div>\n\t\t\t\t\t\t\t<\/div>\n\t\t<\/div>\n\t\t\t\t\t\t<\/div>\n\t\t\t\t<\/div>\n\t\t\t\t<div class=\"elementor-element elementor-element-5f591d7 elementor-widget elementor-widget-spacer\" data-id=\"5f591d7\" data-element_type=\"widget\" data-e-type=\"widget\" data-widget_type=\"spacer.default\">\n\t\t\t\t<div class=\"elementor-widget-container\">\n\t\t\t\t\t\t\t<div class=\"elementor-spacer\">\n\t\t\t<div class=\"elementor-spacer-inner\"><\/div>\n\t\t<\/div>\n\t\t\t\t\t\t<\/div>\n\t\t\t\t<\/div>\n\t\t\t\t\t<\/div>\n\t\t<\/div>\n\t\t\t\t\t<\/div>\n\t\t<\/section>\n\t\t\t\t<section class=\"elementor-section elementor-top-section elementor-element elementor-element-88095be elementor-section-boxed elementor-section-height-default elementor-section-height-default\" data-id=\"88095be\" data-element_type=\"section\" data-e-type=\"section\" data-settings=\"{&quot;background_background&quot;:&quot;classic&quot;}\">\n\t\t\t\t\t\t<div class=\"elementor-container elementor-column-gap-no\">\n\t\t\t\t\t<div class=\"elementor-column elementor-col-50 elementor-top-column elementor-element elementor-element-b59566c\" data-id=\"b59566c\" data-element_type=\"column\" data-e-type=\"column\">\n\t\t\t<div class=\"elementor-widget-wrap elementor-element-populated\">\n\t\t\t\t\t\t<div class=\"elementor-element elementor-element-b292dd2 elementor-widget elementor-widget-image-box\" data-id=\"b292dd2\" data-element_type=\"widget\" data-e-type=\"widget\" data-widget_type=\"image-box.default\">\n\t\t\t\t<div class=\"elementor-widget-container\">\n\t\t\t\t\t<div class=\"elementor-image-box-wrapper\"><div class=\"elementor-image-box-content\"><h2 class=\"elementor-image-box-title\">editorial board<\/h2><p class=\"elementor-image-box-description\">The editorial board of the journal Nomopolis aims to represent the various branches of Law and Political science. It is chosen from among the members of the Centre Jean Bodin of the University of Angers\n\n<\/p><\/div><\/div>\t\t\t\t<\/div>\n\t\t\t\t<\/div>\n\t\t\t\t\t<\/div>\n\t\t<\/div>\n\t\t\t\t<div class=\"elementor-column elementor-col-50 elementor-top-column elementor-element elementor-element-bca9a20\" data-id=\"bca9a20\" data-element_type=\"column\" data-e-type=\"column\">\n\t\t\t<div class=\"elementor-widget-wrap elementor-element-populated\">\n\t\t\t\t\t\t<div class=\"elementor-element elementor-element-b0e23ae elementor-widget elementor-widget-image-box\" data-id=\"b0e23ae\" data-element_type=\"widget\" data-e-type=\"widget\" data-widget_type=\"image-box.default\">\n\t\t\t\t<div class=\"elementor-widget-container\">\n\t\t\t\t\t<div class=\"elementor-image-box-wrapper\"><div class=\"elementor-image-box-content\"><h2 class=\"elementor-image-box-title\">Scientific committee<\/h2><p class=\"elementor-image-box-description\">The scientific committee is composed of international researchers in Law and Political Science<\/p><\/div><\/div>\t\t\t\t<\/div>\n\t\t\t\t<\/div>\n\t\t\t\t\t<\/div>\n\t\t<\/div>\n\t\t\t\t\t<\/div>\n\t\t<\/section>\n\t\t\t\t<\/div>","protected":false},"excerpt":{"rendered":"<p>Les comit\u00e9s Conform\u00e9ment aux objectifs de la revue, les comit\u00e9s de Nomopolis ont une dimension internationale et couvrent tous les domaines du Droit et de la Science politique. \u00a0Le comit\u00e9 de r\u00e9daction est plus sp\u00e9cifiquement compos\u00e9s de membres du Centre Jean Bodin de l&rsquo;Universit\u00e9 d&rsquo;Angers. Comit\u00e9 de r\u00e9daction Comit\u00e9 scientifique Comit\u00e9 de r\u00e9daction Directeur de [&hellip;]<\/p>\n","protected":false},"author":1,"featured_media":0,"parent":0,"menu_order":0,"comment_status":"closed","ping_status":"closed","template":"","meta":{"site-sidebar-layout":"no-sidebar","site-content-layout":"page-builder","ast-site-content-layout":"default","site-content-style":"default","site-sidebar-style":"default","ast-global-header-display":"","ast-banner-title-visibility":"","ast-main-header-display":"","ast-hfb-above-header-display":"","ast-hfb-below-header-display":"","ast-hfb-mobile-header-display":"","site-post-title":"disabled","ast-breadcrumbs-content":"","ast-featured-img":"","footer-sml-layout":"","ast-disable-related-posts":"","theme-transparent-header-meta":"enabled","adv-header-id-meta":"","stick-header-meta":"","header-above-stick-meta":"","header-main-stick-meta":"","header-below-stick-meta":"","astra-migrate-meta-layouts":"default","ast-page-background-enabled":"default","ast-page-background-meta":{"desktop":{"background-color":"","background-image":"","background-repeat":"repeat","background-position":"center center","background-size":"auto","background-attachment":"scroll","background-type":"","background-media":"","overlay-type":"","overlay-color":"","overlay-opacity":"","overlay-gradient":""},"tablet":{"background-color":"","background-image":"","background-repeat":"repeat","background-position":"center center","background-size":"auto","background-attachment":"scroll","background-type":"","background-media":"","overlay-type":"","overlay-color":"","overlay-opacity":"","overlay-gradient":""},"mobile":{"background-color":"","background-image":"","background-repeat":"repeat","background-position":"center center","background-size":"auto","background-attachment":"scroll","background-type":"","background-media":"","overlay-type":"","overlay-color":"","overlay-opacity":"","overlay-gradient":""}},"ast-content-background-meta":{"desktop":{"background-color":"var(--ast-global-color-5)","background-image":"","background-repeat":"repeat","background-position":"center center","background-size":"auto","background-attachment":"scroll","background-type":"","background-media":"","overlay-type":"","overlay-color":"","overlay-opacity":"","overlay-gradient":""},"tablet":{"background-color":"var(--ast-global-color-5)","background-image":"","background-repeat":"repeat","background-position":"center center","background-size":"auto","background-attachment":"scroll","background-type":"","background-media":"","overlay-type":"","overlay-color":"","overlay-opacity":"","overlay-gradient":""},"mobile":{"background-color":"var(--ast-global-color-5)","background-image":"","background-repeat":"repeat","background-position":"center center","background-size":"auto","background-attachment":"scroll","background-type":"","background-media":"","overlay-type":"","overlay-color":"","overlay-opacity":"","overlay-gradient":""}},"footnotes":""},"class_list":["post-1691","page","type-page","status-publish","hentry"],"yoast_head":"<!-- This site is optimized with the Yoast SEO plugin v27.4 - https:\/\/yoast.com\/product\/yoast-seo-wordpress\/ -->\n<title>Comit\u00e9s - Nomopolis<\/title>\n<meta name=\"description\" content=\"Nomopolis est une revue internationale de Droit et de Science Politique \u00e0 destination des chercheurs et passionn\u00e9s de ces domaines\" \/>\n<meta name=\"robots\" content=\"index, follow, max-snippet:-1, max-image-preview:large, max-video-preview:-1\" \/>\n<link rel=\"canonical\" href=\"https:\/\/nomopolis.org\/en\/comites-2\/\" \/>\n<meta property=\"og:locale\" content=\"en_GB\" \/>\n<meta property=\"og:type\" content=\"article\" \/>\n<meta property=\"og:title\" content=\"Comit\u00e9s - Nomopolis\" \/>\n<meta property=\"og:description\" content=\"Nomopolis est une revue internationale de Droit et de Science Politique \u00e0 destination des chercheurs et passionn\u00e9s de ces domaines\" \/>\n<meta property=\"og:url\" content=\"https:\/\/nomopolis.org\/en\/comites-2\/\" \/>\n<meta property=\"og:site_name\" content=\"Nomopolis\" \/>\n<meta property=\"article:modified_time\" content=\"2026-04-17T11:51:48+00:00\" \/>\n<meta name=\"twitter:card\" content=\"summary_large_image\" \/>\n<meta name=\"twitter:label1\" content=\"Estimated reading time\" \/>\n\t<meta name=\"twitter:data1\" content=\"2 minutes\" \/>\n<script type=\"application\/ld+json\" class=\"yoast-schema-graph\">{\"@context\":\"https:\\\/\\\/schema.org\",\"@graph\":[{\"@type\":\"WebPage\",\"@id\":\"https:\\\/\\\/nomopolis.org\\\/comites-2\\\/\",\"url\":\"https:\\\/\\\/nomopolis.org\\\/comites-2\\\/\",\"name\":\"Comit\u00e9s - Nomopolis\",\"isPartOf\":{\"@id\":\"http:\\\/\\\/nomopolis.org\\\/#website\"},\"datePublished\":\"2020-04-13T09:18:52+00:00\",\"dateModified\":\"2026-04-17T11:51:48+00:00\",\"description\":\"Nomopolis est une revue internationale de Droit et de Science Politique \u00e0 destination des chercheurs et passionn\u00e9s de ces domaines\",\"breadcrumb\":{\"@id\":\"https:\\\/\\\/nomopolis.org\\\/comites-2\\\/#breadcrumb\"},\"inLanguage\":\"en-GB\",\"potentialAction\":[{\"@type\":\"ReadAction\",\"target\":[\"https:\\\/\\\/nomopolis.org\\\/comites-2\\\/\"]}]},{\"@type\":\"BreadcrumbList\",\"@id\":\"https:\\\/\\\/nomopolis.org\\\/comites-2\\\/#breadcrumb\",\"itemListElement\":[{\"@type\":\"ListItem\",\"position\":1,\"name\":\"Accueil\",\"item\":\"https:\\\/\\\/nomopolis.org\\\/\"},{\"@type\":\"ListItem\",\"position\":2,\"name\":\"Comit\u00e9s\"}]},{\"@type\":\"WebSite\",\"@id\":\"http:\\\/\\\/nomopolis.org\\\/#website\",\"url\":\"http:\\\/\\\/nomopolis.org\\\/\",\"name\":\"Nomopolis\",\"description\":\"La revue de droit et science politique\",\"publisher\":{\"@id\":\"http:\\\/\\\/nomopolis.org\\\/#organization\"},\"potentialAction\":[{\"@type\":\"SearchAction\",\"target\":{\"@type\":\"EntryPoint\",\"urlTemplate\":\"http:\\\/\\\/nomopolis.org\\\/?s={search_term_string}\"},\"query-input\":{\"@type\":\"PropertyValueSpecification\",\"valueRequired\":true,\"valueName\":\"search_term_string\"}}],\"inLanguage\":\"en-GB\"},{\"@type\":\"Organization\",\"@id\":\"http:\\\/\\\/nomopolis.org\\\/#organization\",\"name\":\"Nomopolis\",\"url\":\"http:\\\/\\\/nomopolis.org\\\/\",\"logo\":{\"@type\":\"ImageObject\",\"inLanguage\":\"en-GB\",\"@id\":\"http:\\\/\\\/nomopolis.org\\\/#\\\/schema\\\/logo\\\/image\\\/\",\"url\":\"http:\\\/\\\/nomopolis.org\\\/wp-content\\\/uploads\\\/2022\\\/06\\\/cropped-Dore_et_Noir_Vintage_Logo_2_-removebg-preview.png\",\"contentUrl\":\"http:\\\/\\\/nomopolis.org\\\/wp-content\\\/uploads\\\/2022\\\/06\\\/cropped-Dore_et_Noir_Vintage_Logo_2_-removebg-preview.png\",\"width\":460,\"height\":330,\"caption\":\"Nomopolis\"},\"image\":{\"@id\":\"http:\\\/\\\/nomopolis.org\\\/#\\\/schema\\\/logo\\\/image\\\/\"}}]}<\/script>\n<!-- \/ Yoast SEO plugin. -->","yoast_head_json":{"title":"Comit\u00e9s - Nomopolis","description":"Nomopolis est une revue internationale de Droit et de Science Politique \u00e0 destination des chercheurs et passionn\u00e9s de ces domaines","robots":{"index":"index","follow":"follow","max-snippet":"max-snippet:-1","max-image-preview":"max-image-preview:large","max-video-preview":"max-video-preview:-1"},"canonical":"https:\/\/nomopolis.org\/en\/comites-2\/","og_locale":"en_GB","og_type":"article","og_title":"Comit\u00e9s - Nomopolis","og_description":"Nomopolis est une revue internationale de Droit et de Science Politique \u00e0 destination des chercheurs et passionn\u00e9s de ces domaines","og_url":"https:\/\/nomopolis.org\/en\/comites-2\/","og_site_name":"Nomopolis","article_modified_time":"2026-04-17T11:51:48+00:00","twitter_card":"summary_large_image","twitter_misc":{"Estimated reading time":"2 minutes"},"schema":{"@context":"https:\/\/schema.org","@graph":[{"@type":"WebPage","@id":"https:\/\/nomopolis.org\/comites-2\/","url":"https:\/\/nomopolis.org\/comites-2\/","name":"Comit\u00e9s - Nomopolis","isPartOf":{"@id":"https:\/\/nomopolis.org\/#website"},"datePublished":"2020-04-13T09:18:52+00:00","dateModified":"2026-04-17T11:51:48+00:00","description":"Nomopolis est une revue internationale de Droit et de Science Politique \u00e0 destination des chercheurs et passionn\u00e9s de ces domaines","breadcrumb":{"@id":"https:\/\/nomopolis.org\/comites-2\/#breadcrumb"},"inLanguage":"en-GB","potentialAction":[{"@type":"ReadAction","target":["https:\/\/nomopolis.org\/comites-2\/"]}]},{"@type":"BreadcrumbList","@id":"https:\/\/nomopolis.org\/comites-2\/#breadcrumb","itemListElement":[{"@type":"ListItem","position":1,"name":"Accueil","item":"https:\/\/nomopolis.org\/"},{"@type":"ListItem","position":2,"name":"Comit\u00e9s"}]},{"@type":"WebSite","@id":"https:\/\/nomopolis.org\/#website","url":"https:\/\/nomopolis.org\/","name":"Nomopolis","description":"La revue de droit et science politique","publisher":{"@id":"https:\/\/nomopolis.org\/#organization"},"potentialAction":[{"@type":"SearchAction","target":{"@type":"EntryPoint","urlTemplate":"https:\/\/nomopolis.org\/?s={search_term_string}"},"query-input":{"@type":"PropertyValueSpecification","valueRequired":true,"valueName":"search_term_string"}}],"inLanguage":"en-GB"},{"@type":"Organization","@id":"https:\/\/nomopolis.org\/#organization","name":"Nomopolis","url":"https:\/\/nomopolis.org\/","logo":{"@type":"ImageObject","inLanguage":"en-GB","@id":"https:\/\/nomopolis.org\/#\/schema\/logo\/image\/","url":"https:\/\/nomopolis.org\/wp-content\/uploads\/2022\/06\/cropped-Dore_et_Noir_Vintage_Logo_2_-removebg-preview.png","contentUrl":"https:\/\/nomopolis.org\/wp-content\/uploads\/2022\/06\/cropped-Dore_et_Noir_Vintage_Logo_2_-removebg-preview.png","width":460,"height":330,"caption":"Nomopolis"},"image":{"@id":"https:\/\/nomopolis.org\/#\/schema\/logo\/image\/"}}]}},"_links":{"self":[{"href":"https:\/\/nomopolis.org\/en\/wp-json\/wp\/v2\/pages\/1691","targetHints":{"allow":["GET"]}}],"collection":[{"href":"https:\/\/nomopolis.org\/en\/wp-json\/wp\/v2\/pages"}],"about":[{"href":"https:\/\/nomopolis.org\/en\/wp-json\/wp\/v2\/types\/page"}],"author":[{"embeddable":true,"href":"https:\/\/nomopolis.org\/en\/wp-json\/wp\/v2\/users\/1"}],"replies":[{"embeddable":true,"href":"https:\/\/nomopolis.org\/en\/wp-json\/wp\/v2\/comments?post=1691"}],"version-history":[{"count":167,"href":"https:\/\/nomopolis.org\/en\/wp-json\/wp\/v2\/pages\/1691\/revisions"}],"predecessor-version":[{"id":5146,"href":"https:\/\/nomopolis.org\/en\/wp-json\/wp\/v2\/pages\/1691\/revisions\/5146"}],"wp:attachment":[{"href":"https:\/\/nomopolis.org\/en\/wp-json\/wp\/v2\/media?parent=1691"}],"curies":[{"name":"wp","href":"https:\/\/api.w.org\/{rel}","templated":true}]}}