{"id":19,"date":"2022-06-10T15:05:08","date_gmt":"2022-06-10T13:05:08","guid":{"rendered":"https:\/\/nomopolis.org\/?page_id=19"},"modified":"2025-11-26T11:12:43","modified_gmt":"2025-11-26T10:12:43","slug":"les-anciens-numeros","status":"publish","type":"page","link":"https:\/\/nomopolis.org\/en\/les-anciens-numeros\/","title":{"rendered":"Previous issues"},"content":{"rendered":"<div data-elementor-type=\"wp-page\" data-elementor-id=\"19\" class=\"elementor elementor-19\">\n\t\t\t\t\t\t<section class=\"elementor-section elementor-top-section elementor-element elementor-element-2d9d454 elementor-section-boxed elementor-section-height-default elementor-section-height-default\" data-id=\"2d9d454\" data-element_type=\"section\">\n\t\t\t\t\t\t<div class=\"elementor-container elementor-column-gap-default\">\n\t\t\t\t\t<div class=\"elementor-column elementor-col-100 elementor-top-column elementor-element elementor-element-aeb0b80\" data-id=\"aeb0b80\" data-element_type=\"column\">\n\t\t\t<div class=\"elementor-widget-wrap elementor-element-populated\">\n\t\t\t\t\t\t<div class=\"elementor-element elementor-element-5d139b6 elementor-widget elementor-widget-spacer\" data-id=\"5d139b6\" data-element_type=\"widget\" data-widget_type=\"spacer.default\">\n\t\t\t\t<div class=\"elementor-widget-container\">\n\t\t\t\t\t\t\t<div class=\"elementor-spacer\">\n\t\t\t<div class=\"elementor-spacer-inner\"><\/div>\n\t\t<\/div>\n\t\t\t\t\t\t<\/div>\n\t\t\t\t<\/div>\n\t\t\t\t\t<\/div>\n\t\t<\/div>\n\t\t\t\t\t<\/div>\n\t\t<\/section>\n\t\t\t\t<section class=\"elementor-section elementor-top-section elementor-element elementor-element-b4e7ea8 elementor-section-boxed elementor-section-height-default elementor-section-height-default\" data-id=\"b4e7ea8\" data-element_type=\"section\">\n\t\t\t\t\t\t<div class=\"elementor-container elementor-column-gap-default\">\n\t\t\t\t\t<div class=\"elementor-column elementor-col-100 elementor-top-column elementor-element elementor-element-3a73952\" data-id=\"3a73952\" data-element_type=\"column\">\n\t\t\t<div class=\"elementor-widget-wrap elementor-element-populated\">\n\t\t\t\t\t\t<div class=\"elementor-element elementor-element-c5c46d4 elementor-widget elementor-widget-heading\" data-id=\"c5c46d4\" data-element_type=\"widget\" data-widget_type=\"heading.default\">\n\t\t\t\t<div class=\"elementor-widget-container\">\n\t\t\t\t\t<h3 class=\"elementor-heading-title elementor-size-default\">Previous issues<\/h3>\t\t\t\t<\/div>\n\t\t\t\t<\/div>\n\t\t\t\t<div class=\"elementor-element elementor-element-efdef17 elementor-widget elementor-widget-spacer\" data-id=\"efdef17\" data-element_type=\"widget\" data-widget_type=\"spacer.default\">\n\t\t\t\t<div class=\"elementor-widget-container\">\n\t\t\t\t\t\t\t<div class=\"elementor-spacer\">\n\t\t\t<div class=\"elementor-spacer-inner\"><\/div>\n\t\t<\/div>\n\t\t\t\t\t\t<\/div>\n\t\t\t\t<\/div>\n\t\t\t\t\t<\/div>\n\t\t<\/div>\n\t\t\t\t\t<\/div>\n\t\t<\/section>\n\t\t\t\t<section class=\"elementor-section elementor-top-section elementor-element elementor-element-1761b4b elementor-section-boxed elementor-section-height-default elementor-section-height-default\" data-id=\"1761b4b\" data-element_type=\"section\">\n\t\t\t\t\t\t<div class=\"elementor-container elementor-column-gap-default\">\n\t\t\t\t\t<div class=\"elementor-column elementor-col-50 elementor-top-column elementor-element elementor-element-04918f8\" data-id=\"04918f8\" data-element_type=\"column\">\n\t\t\t<div class=\"elementor-widget-wrap elementor-element-populated\">\n\t\t\t\t\t\t<div class=\"elementor-element elementor-element-1a957ba elementor-widget__width-initial elementor-widget elementor-widget-image\" data-id=\"1a957ba\" data-element_type=\"widget\" data-widget_type=\"image.default\">\n\t\t\t\t<div class=\"elementor-widget-container\">\n\t\t\t\t\t\t\t\t\t\t\t\t\t\t\t<img fetchpriority=\"high\" decoding=\"async\" width=\"300\" height=\"169\" src=\"https:\/\/nomopolis.org\/wp-content\/uploads\/2022\/09\/abstract-background-concept-5234090-300x169.jpg\" class=\"attachment-medium size-medium wp-image-2602\" alt=\"abstract, background, concept-5234090.jpg\" srcset=\"https:\/\/nomopolis.org\/wp-content\/uploads\/2022\/09\/abstract-background-concept-5234090-300x169.jpg 300w, https:\/\/nomopolis.org\/wp-content\/uploads\/2022\/09\/abstract-background-concept-5234090-1024x576.jpg 1024w, https:\/\/nomopolis.org\/wp-content\/uploads\/2022\/09\/abstract-background-concept-5234090-768x432.jpg 768w, https:\/\/nomopolis.org\/wp-content\/uploads\/2022\/09\/abstract-background-concept-5234090-18x10.jpg 18w, https:\/\/nomopolis.org\/wp-content\/uploads\/2022\/09\/abstract-background-concept-5234090.jpg 1280w\" sizes=\"(max-width: 300px) 100vw, 300px\" \/>\t\t\t\t\t\t\t\t\t\t\t\t\t\t\t<\/div>\n\t\t\t\t<\/div>\n\t\t\t\t\t<\/div>\n\t\t<\/div>\n\t\t\t\t<div class=\"elementor-column elementor-col-50 elementor-top-column elementor-element elementor-element-4f21399\" data-id=\"4f21399\" data-element_type=\"column\">\n\t\t\t<div class=\"elementor-widget-wrap elementor-element-populated\">\n\t\t\t\t\t\t<div class=\"elementor-element elementor-element-24bf9af elementor-widget__width-initial elementor-widget elementor-widget-text-editor\" data-id=\"24bf9af\" data-element_type=\"widget\" data-widget_type=\"text-editor.default\">\n\t\t\t\t<div class=\"elementor-widget-container\">\n\t\t\t\t\t\t\t\t\t<h4><a href=\"https:\/\/nomopolis.org\/en\/nomopolis-1-nudges\/\"><span style=\"color: #000000;\"><strong>Nomopolis 1<\/strong><\/span><\/a><\/h4><h5><a href=\"https:\/\/nomopolis.org\/en\/nomopolis-1-nudges\/\"><strong>Th\u00e9orie et pratiques des nudges : enjeux politiques et juridiques<\/strong><\/a><\/h5>\t\t\t\t\t\t\t\t<\/div>\n\t\t\t\t<\/div>\n\t\t\t\t\t<\/div>\n\t\t<\/div>\n\t\t\t\t\t<\/div>\n\t\t<\/section>\n\t\t\t\t<section class=\"elementor-section elementor-top-section elementor-element elementor-element-7922085 elementor-section-boxed elementor-section-height-default elementor-section-height-default\" data-id=\"7922085\" data-element_type=\"section\">\n\t\t\t\t\t\t<div class=\"elementor-container elementor-column-gap-default\">\n\t\t\t\t\t<div class=\"elementor-column elementor-col-50 elementor-top-column elementor-element elementor-element-542f29e\" data-id=\"542f29e\" data-element_type=\"column\">\n\t\t\t<div class=\"elementor-widget-wrap elementor-element-populated\">\n\t\t\t\t\t\t<div class=\"elementor-element elementor-element-b2c46f3 elementor-widget__width-initial elementor-widget elementor-widget-image\" data-id=\"b2c46f3\" data-element_type=\"widget\" data-widget_type=\"image.default\">\n\t\t\t\t<div class=\"elementor-widget-container\">\n\t\t\t\t\t\t\t\t\t\t\t\t\t\t\t<img decoding=\"async\" width=\"300\" height=\"178\" src=\"https:\/\/nomopolis.org\/wp-content\/uploads\/2024\/12\/Design-sans-titre-1-bis-300x178.png\" class=\"attachment-medium size-medium wp-image-4299\" alt=\"\" srcset=\"https:\/\/nomopolis.org\/wp-content\/uploads\/2024\/12\/Design-sans-titre-1-bis-300x178.png 300w, https:\/\/nomopolis.org\/wp-content\/uploads\/2024\/12\/Design-sans-titre-1-bis-18x12.png 18w, https:\/\/nomopolis.org\/wp-content\/uploads\/2024\/12\/Design-sans-titre-1-bis.png 602w\" sizes=\"(max-width: 300px) 100vw, 300px\" \/>\t\t\t\t\t\t\t\t\t\t\t\t\t\t\t<\/div>\n\t\t\t\t<\/div>\n\t\t\t\t\t<\/div>\n\t\t<\/div>\n\t\t\t\t<div class=\"elementor-column elementor-col-50 elementor-top-column elementor-element elementor-element-cb48fe5\" data-id=\"cb48fe5\" data-element_type=\"column\">\n\t\t\t<div class=\"elementor-widget-wrap elementor-element-populated\">\n\t\t\t\t\t\t<div class=\"elementor-element elementor-element-ba26858 elementor-widget__width-initial elementor-widget elementor-widget-text-editor\" data-id=\"ba26858\" data-element_type=\"widget\" data-widget_type=\"text-editor.default\">\n\t\t\t\t<div class=\"elementor-widget-container\">\n\t\t\t\t\t\t\t\t\t<h4><a href=\"https:\/\/nomopolis.org\/en\/nomopolis-2-mauvais-perdants\/\" data-wplink-url-error=\"true\"><span style=\"color: #000000;\"><strong>Nomopolis 2<\/strong><\/span><\/a><\/h4><h5><a href=\"https:\/\/nomopolis.org\/en\/nomopolis-2-mauvais-perdants\/\"><strong>Les mauvais perdants en d\u00e9mocratie : refus de la d\u00e9faite et crises post-\u00e9lectorales<\/strong><\/a><\/h5>\t\t\t\t\t\t\t\t<\/div>\n\t\t\t\t<\/div>\n\t\t\t\t\t<\/div>\n\t\t<\/div>\n\t\t\t\t\t<\/div>\n\t\t<\/section>\n\t\t\t\t<section class=\"elementor-section elementor-top-section elementor-element elementor-element-a642eb8 elementor-section-boxed elementor-section-height-default elementor-section-height-default\" data-id=\"a642eb8\" data-element_type=\"section\">\n\t\t\t\t\t\t<div class=\"elementor-container elementor-column-gap-default\">\n\t\t\t\t\t<div class=\"elementor-column elementor-col-100 elementor-top-column elementor-element elementor-element-b2a18c6\" data-id=\"b2a18c6\" data-element_type=\"column\">\n\t\t\t<div class=\"elementor-widget-wrap elementor-element-populated\">\n\t\t\t\t\t\t<div class=\"elementor-element elementor-element-f25816c elementor-widget elementor-widget-spacer\" data-id=\"f25816c\" data-element_type=\"widget\" data-widget_type=\"spacer.default\">\n\t\t\t\t<div class=\"elementor-widget-container\">\n\t\t\t\t\t\t\t<div class=\"elementor-spacer\">\n\t\t\t<div class=\"elementor-spacer-inner\"><\/div>\n\t\t<\/div>\n\t\t\t\t\t\t<\/div>\n\t\t\t\t<\/div>\n\t\t\t\t<div class=\"elementor-element elementor-element-9010dc4 elementor-widget elementor-widget-spacer\" data-id=\"9010dc4\" data-element_type=\"widget\" data-widget_type=\"spacer.default\">\n\t\t\t\t<div class=\"elementor-widget-container\">\n\t\t\t\t\t\t\t<div class=\"elementor-spacer\">\n\t\t\t<div class=\"elementor-spacer-inner\"><\/div>\n\t\t<\/div>\n\t\t\t\t\t\t<\/div>\n\t\t\t\t<\/div>\n\t\t\t\t\t<\/div>\n\t\t<\/div>\n\t\t\t\t\t<\/div>\n\t\t<\/section>\n\t\t\t\t<\/div>","protected":false},"excerpt":{"rendered":"<p>Les anciens num\u00e9ros Nomopolis 1 Th\u00e9orie et pratiques des nudges : enjeux politiques et juridiques Nomopolis 2 Les mauvais perdants en d\u00e9mocratie : refus de la d\u00e9faite et crises post-\u00e9lectorales<\/p>","protected":false},"author":1,"featured_media":0,"parent":0,"menu_order":0,"comment_status":"closed","ping_status":"closed","template":"","meta":{"site-sidebar-layout":"no-sidebar","site-content-layout":"page-builder","ast-site-content-layout":"default","site-content-style":"default","site-sidebar-style":"default","ast-global-header-display":"","ast-banner-title-visibility":"","ast-main-header-display":"","ast-hfb-above-header-display":"","ast-hfb-below-header-display":"","ast-hfb-mobile-header-display":"","site-post-title":"disabled","ast-breadcrumbs-content":"","ast-featured-img":"disabled","footer-sml-layout":"","ast-disable-related-posts":"","theme-transparent-header-meta":"","adv-header-id-meta":"","stick-header-meta":"","header-above-stick-meta":"","header-main-stick-meta":"","header-below-stick-meta":"","astra-migrate-meta-layouts":"default","ast-page-background-enabled":"default","ast-page-background-meta":{"desktop":{"background-color":"","background-image":"","background-repeat":"repeat","background-position":"center center","background-size":"auto","background-attachment":"scroll","background-type":"","background-media":"","overlay-type":"","overlay-color":"","overlay-opacity":"","overlay-gradient":""},"tablet":{"background-color":"","background-image":"","background-repeat":"repeat","background-position":"center center","background-size":"auto","background-attachment":"scroll","background-type":"","background-media":"","overlay-type":"","overlay-color":"","overlay-opacity":"","overlay-gradient":""},"mobile":{"background-color":"","background-image":"","background-repeat":"repeat","background-position":"center center","background-size":"auto","background-attachment":"scroll","background-type":"","background-media":"","overlay-type":"","overlay-color":"","overlay-opacity":"","overlay-gradient":""}},"ast-content-background-meta":{"desktop":{"background-color":"var(--ast-global-color-5)","background-image":"","background-repeat":"repeat","background-position":"center center","background-size":"auto","background-attachment":"scroll","background-type":"","background-media":"","overlay-type":"","overlay-color":"","overlay-opacity":"","overlay-gradient":""},"tablet":{"background-color":"var(--ast-global-color-5)","background-image":"","background-repeat":"repeat","background-position":"center center","background-size":"auto","background-attachment":"scroll","background-type":"","background-media":"","overlay-type":"","overlay-color":"","overlay-opacity":"","overlay-gradient":""},"mobile":{"background-color":"var(--ast-global-color-5)","background-image":"","background-repeat":"repeat","background-position":"center center","background-size":"auto","background-attachment":"scroll","background-type":"","background-media":"","overlay-type":"","overlay-color":"","overlay-opacity":"","overlay-gradient":""}},"footnotes":""},"class_list":["post-19","page","type-page","status-publish","hentry"],"yoast_head":"<!-- This site is optimized with the Yoast SEO plugin v27.3 - https:\/\/yoast.com\/product\/yoast-seo-wordpress\/ -->\n<title>Les anciens num\u00e9ros - Nomopolis<\/title>\n<meta name=\"description\" content=\"Nomopolis est une revue internationale de Droit et de Science Politique \u00e0 destination des chercheurs et passionn\u00e9s de ces domaines\" \/>\n<meta name=\"robots\" content=\"index, follow, max-snippet:-1, max-image-preview:large, max-video-preview:-1\" \/>\n<link rel=\"canonical\" href=\"https:\/\/nomopolis.org\/en\/les-anciens-numeros\/\" \/>\n<meta property=\"og:locale\" content=\"en_GB\" \/>\n<meta property=\"og:type\" content=\"article\" \/>\n<meta property=\"og:title\" content=\"Les anciens num\u00e9ros - Nomopolis\" \/>\n<meta property=\"og:description\" content=\"Nomopolis est une revue internationale de Droit et de Science Politique \u00e0 destination des chercheurs et passionn\u00e9s de ces domaines\" \/>\n<meta property=\"og:url\" content=\"https:\/\/nomopolis.org\/en\/les-anciens-numeros\/\" \/>\n<meta property=\"og:site_name\" content=\"Nomopolis\" \/>\n<meta property=\"article:modified_time\" content=\"2025-11-26T10:12:43+00:00\" \/>\n<meta property=\"og:image\" content=\"https:\/\/nomopolis.org\/wp-content\/uploads\/2022\/09\/abstract-background-concept-5234090.jpg\" \/>\n\t<meta property=\"og:image:width\" content=\"1280\" \/>\n\t<meta property=\"og:image:height\" content=\"720\" \/>\n\t<meta property=\"og:image:type\" content=\"image\/jpeg\" \/>\n<meta name=\"twitter:card\" content=\"summary_large_image\" \/>\n<meta name=\"twitter:label1\" content=\"Estimated reading time\" \/>\n\t<meta name=\"twitter:data1\" content=\"1 minute\" \/>\n<script type=\"application\/ld+json\" class=\"yoast-schema-graph\">{\"@context\":\"https:\\\/\\\/schema.org\",\"@graph\":[{\"@type\":\"WebPage\",\"@id\":\"https:\\\/\\\/nomopolis.org\\\/les-anciens-numeros\\\/\",\"url\":\"https:\\\/\\\/nomopolis.org\\\/les-anciens-numeros\\\/\",\"name\":\"Les anciens num\u00e9ros - Nomopolis\",\"isPartOf\":{\"@id\":\"http:\\\/\\\/nomopolis.org\\\/#website\"},\"primaryImageOfPage\":{\"@id\":\"https:\\\/\\\/nomopolis.org\\\/les-anciens-numeros\\\/#primaryimage\"},\"image\":{\"@id\":\"https:\\\/\\\/nomopolis.org\\\/les-anciens-numeros\\\/#primaryimage\"},\"thumbnailUrl\":\"https:\\\/\\\/nomopolis.org\\\/wp-content\\\/uploads\\\/2022\\\/09\\\/abstract-background-concept-5234090-300x169.jpg\",\"datePublished\":\"2022-06-10T13:05:08+00:00\",\"dateModified\":\"2025-11-26T10:12:43+00:00\",\"description\":\"Nomopolis est une revue internationale de Droit et de Science Politique \u00e0 destination des chercheurs et passionn\u00e9s de ces domaines\",\"breadcrumb\":{\"@id\":\"https:\\\/\\\/nomopolis.org\\\/les-anciens-numeros\\\/#breadcrumb\"},\"inLanguage\":\"en-GB\",\"potentialAction\":[{\"@type\":\"ReadAction\",\"target\":[\"https:\\\/\\\/nomopolis.org\\\/les-anciens-numeros\\\/\"]}]},{\"@type\":\"ImageObject\",\"inLanguage\":\"en-GB\",\"@id\":\"https:\\\/\\\/nomopolis.org\\\/les-anciens-numeros\\\/#primaryimage\",\"url\":\"https:\\\/\\\/nomopolis.org\\\/wp-content\\\/uploads\\\/2022\\\/09\\\/abstract-background-concept-5234090-300x169.jpg\",\"contentUrl\":\"https:\\\/\\\/nomopolis.org\\\/wp-content\\\/uploads\\\/2022\\\/09\\\/abstract-background-concept-5234090-300x169.jpg\"},{\"@type\":\"BreadcrumbList\",\"@id\":\"https:\\\/\\\/nomopolis.org\\\/les-anciens-numeros\\\/#breadcrumb\",\"itemListElement\":[{\"@type\":\"ListItem\",\"position\":1,\"name\":\"Accueil\",\"item\":\"https:\\\/\\\/nomopolis.org\\\/\"},{\"@type\":\"ListItem\",\"position\":2,\"name\":\"Les anciens num\u00e9ros\"}]},{\"@type\":\"WebSite\",\"@id\":\"http:\\\/\\\/nomopolis.org\\\/#website\",\"url\":\"http:\\\/\\\/nomopolis.org\\\/\",\"name\":\"Nomopolis\",\"description\":\"La revue de droit et science politique\",\"publisher\":{\"@id\":\"http:\\\/\\\/nomopolis.org\\\/#organization\"},\"potentialAction\":[{\"@type\":\"SearchAction\",\"target\":{\"@type\":\"EntryPoint\",\"urlTemplate\":\"http:\\\/\\\/nomopolis.org\\\/?s={search_term_string}\"},\"query-input\":{\"@type\":\"PropertyValueSpecification\",\"valueRequired\":true,\"valueName\":\"search_term_string\"}}],\"inLanguage\":\"en-GB\"},{\"@type\":\"Organization\",\"@id\":\"http:\\\/\\\/nomopolis.org\\\/#organization\",\"name\":\"Nomopolis\",\"url\":\"http:\\\/\\\/nomopolis.org\\\/\",\"logo\":{\"@type\":\"ImageObject\",\"inLanguage\":\"en-GB\",\"@id\":\"http:\\\/\\\/nomopolis.org\\\/#\\\/schema\\\/logo\\\/image\\\/\",\"url\":\"http:\\\/\\\/nomopolis.org\\\/wp-content\\\/uploads\\\/2022\\\/06\\\/cropped-Dore_et_Noir_Vintage_Logo_2_-removebg-preview.png\",\"contentUrl\":\"http:\\\/\\\/nomopolis.org\\\/wp-content\\\/uploads\\\/2022\\\/06\\\/cropped-Dore_et_Noir_Vintage_Logo_2_-removebg-preview.png\",\"width\":460,\"height\":330,\"caption\":\"Nomopolis\"},\"image\":{\"@id\":\"http:\\\/\\\/nomopolis.org\\\/#\\\/schema\\\/logo\\\/image\\\/\"}}]}<\/script>\n<!-- \/ Yoast SEO plugin. -->","yoast_head_json":{"title":"Les anciens num\u00e9ros - Nomopolis","description":"Nomopolis est une revue internationale de Droit et de Science Politique \u00e0 destination des chercheurs et passionn\u00e9s de ces domaines","robots":{"index":"index","follow":"follow","max-snippet":"max-snippet:-1","max-image-preview":"max-image-preview:large","max-video-preview":"max-video-preview:-1"},"canonical":"https:\/\/nomopolis.org\/en\/les-anciens-numeros\/","og_locale":"en_GB","og_type":"article","og_title":"Les anciens num\u00e9ros - Nomopolis","og_description":"Nomopolis est une revue internationale de Droit et de Science Politique \u00e0 destination des chercheurs et passionn\u00e9s de ces domaines","og_url":"https:\/\/nomopolis.org\/en\/les-anciens-numeros\/","og_site_name":"Nomopolis","article_modified_time":"2025-11-26T10:12:43+00:00","og_image":[{"width":1280,"height":720,"url":"https:\/\/nomopolis.org\/wp-content\/uploads\/2022\/09\/abstract-background-concept-5234090.jpg","type":"image\/jpeg"}],"twitter_card":"summary_large_image","twitter_misc":{"Estimated reading time":"1 minute"},"schema":{"@context":"https:\/\/schema.org","@graph":[{"@type":"WebPage","@id":"https:\/\/nomopolis.org\/les-anciens-numeros\/","url":"https:\/\/nomopolis.org\/les-anciens-numeros\/","name":"Les anciens num\u00e9ros - Nomopolis","isPartOf":{"@id":"https:\/\/nomopolis.org\/#website"},"primaryImageOfPage":{"@id":"https:\/\/nomopolis.org\/les-anciens-numeros\/#primaryimage"},"image":{"@id":"https:\/\/nomopolis.org\/les-anciens-numeros\/#primaryimage"},"thumbnailUrl":"https:\/\/nomopolis.org\/wp-content\/uploads\/2022\/09\/abstract-background-concept-5234090-300x169.jpg","datePublished":"2022-06-10T13:05:08+00:00","dateModified":"2025-11-26T10:12:43+00:00","description":"Nomopolis est une revue internationale de Droit et de Science Politique \u00e0 destination des chercheurs et passionn\u00e9s de ces domaines","breadcrumb":{"@id":"https:\/\/nomopolis.org\/les-anciens-numeros\/#breadcrumb"},"inLanguage":"en-GB","potentialAction":[{"@type":"ReadAction","target":["https:\/\/nomopolis.org\/les-anciens-numeros\/"]}]},{"@type":"ImageObject","inLanguage":"en-GB","@id":"https:\/\/nomopolis.org\/les-anciens-numeros\/#primaryimage","url":"https:\/\/nomopolis.org\/wp-content\/uploads\/2022\/09\/abstract-background-concept-5234090-300x169.jpg","contentUrl":"https:\/\/nomopolis.org\/wp-content\/uploads\/2022\/09\/abstract-background-concept-5234090-300x169.jpg"},{"@type":"BreadcrumbList","@id":"https:\/\/nomopolis.org\/les-anciens-numeros\/#breadcrumb","itemListElement":[{"@type":"ListItem","position":1,"name":"Accueil","item":"https:\/\/nomopolis.org\/"},{"@type":"ListItem","position":2,"name":"Les anciens num\u00e9ros"}]},{"@type":"WebSite","@id":"https:\/\/nomopolis.org\/#website","url":"https:\/\/nomopolis.org\/","name":"Nomopolis","description":"La revue de droit et science politique","publisher":{"@id":"https:\/\/nomopolis.org\/#organization"},"potentialAction":[{"@type":"SearchAction","target":{"@type":"EntryPoint","urlTemplate":"https:\/\/nomopolis.org\/?s={search_term_string}"},"query-input":{"@type":"PropertyValueSpecification","valueRequired":true,"valueName":"search_term_string"}}],"inLanguage":"en-GB"},{"@type":"Organization","@id":"https:\/\/nomopolis.org\/#organization","name":"Nomopolis","url":"https:\/\/nomopolis.org\/","logo":{"@type":"ImageObject","inLanguage":"en-GB","@id":"https:\/\/nomopolis.org\/#\/schema\/logo\/image\/","url":"https:\/\/nomopolis.org\/wp-content\/uploads\/2022\/06\/cropped-Dore_et_Noir_Vintage_Logo_2_-removebg-preview.png","contentUrl":"https:\/\/nomopolis.org\/wp-content\/uploads\/2022\/06\/cropped-Dore_et_Noir_Vintage_Logo_2_-removebg-preview.png","width":460,"height":330,"caption":"Nomopolis"},"image":{"@id":"https:\/\/nomopolis.org\/#\/schema\/logo\/image\/"}}]}},"_links":{"self":[{"href":"https:\/\/nomopolis.org\/en\/wp-json\/wp\/v2\/pages\/19","targetHints":{"allow":["GET"]}}],"collection":[{"href":"https:\/\/nomopolis.org\/en\/wp-json\/wp\/v2\/pages"}],"about":[{"href":"https:\/\/nomopolis.org\/en\/wp-json\/wp\/v2\/types\/page"}],"author":[{"embeddable":true,"href":"https:\/\/nomopolis.org\/en\/wp-json\/wp\/v2\/users\/1"}],"replies":[{"embeddable":true,"href":"https:\/\/nomopolis.org\/en\/wp-json\/wp\/v2\/comments?post=19"}],"version-history":[{"count":19,"href":"https:\/\/nomopolis.org\/en\/wp-json\/wp\/v2\/pages\/19\/revisions"}],"predecessor-version":[{"id":4996,"href":"https:\/\/nomopolis.org\/en\/wp-json\/wp\/v2\/pages\/19\/revisions\/4996"}],"wp:attachment":[{"href":"https:\/\/nomopolis.org\/en\/wp-json\/wp\/v2\/media?parent=19"}],"curies":[{"name":"wp","href":"https:\/\/api.w.org\/{rel}","templated":true}]}}