{"id":25,"date":"2022-06-10T15:05:44","date_gmt":"2022-06-10T13:05:44","guid":{"rendered":"https:\/\/nomopolis.org\/?page_id=25"},"modified":"2022-10-15T17:17:37","modified_gmt":"2022-10-15T15:17:37","slug":"politique-de-publication","status":"publish","type":"page","link":"https:\/\/nomopolis.org\/en\/politique-de-publication\/","title":{"rendered":"Publishing policy"},"content":{"rendered":"<div data-elementor-type=\"wp-page\" data-elementor-id=\"25\" class=\"elementor elementor-25\">\n\t\t\t\t\t\t<section class=\"elementor-section elementor-top-section elementor-element elementor-element-5906132 elementor-section-boxed elementor-section-height-default elementor-section-height-default\" data-id=\"5906132\" data-element_type=\"section\">\n\t\t\t\t\t\t<div class=\"elementor-container elementor-column-gap-default\">\n\t\t\t\t\t<div class=\"elementor-column elementor-col-100 elementor-top-column elementor-element elementor-element-78883df\" data-id=\"78883df\" data-element_type=\"column\">\n\t\t\t<div class=\"elementor-widget-wrap elementor-element-populated\">\n\t\t\t\t\t\t<div class=\"elementor-element elementor-element-89ae19f elementor-widget elementor-widget-spacer\" data-id=\"89ae19f\" data-element_type=\"widget\" data-widget_type=\"spacer.default\">\n\t\t\t\t<div class=\"elementor-widget-container\">\n\t\t\t\t\t\t\t<div class=\"elementor-spacer\">\n\t\t\t<div class=\"elementor-spacer-inner\"><\/div>\n\t\t<\/div>\n\t\t\t\t\t\t<\/div>\n\t\t\t\t<\/div>\n\t\t\t\t<div class=\"elementor-element elementor-element-92762c4 elementor-widget elementor-widget-heading\" data-id=\"92762c4\" data-element_type=\"widget\" data-widget_type=\"heading.default\">\n\t\t\t\t<div class=\"elementor-widget-container\">\n\t\t\t\t\t<h2 class=\"elementor-heading-title elementor-size-default\">Publishing policy<\/h2>\t\t\t\t<\/div>\n\t\t\t\t<\/div>\n\t\t\t\t<div class=\"elementor-element elementor-element-c66c269 elementor-widget elementor-widget-spacer\" data-id=\"c66c269\" data-element_type=\"widget\" data-widget_type=\"spacer.default\">\n\t\t\t\t<div class=\"elementor-widget-container\">\n\t\t\t\t\t\t\t<div class=\"elementor-spacer\">\n\t\t\t<div class=\"elementor-spacer-inner\"><\/div>\n\t\t<\/div>\n\t\t\t\t\t\t<\/div>\n\t\t\t\t<\/div>\n\t\t\t\t<section class=\"elementor-section elementor-inner-section elementor-element elementor-element-64c20f7 elementor-section-boxed elementor-section-height-default elementor-section-height-default\" data-id=\"64c20f7\" data-element_type=\"section\">\n\t\t\t\t\t\t<div class=\"elementor-container elementor-column-gap-default\">\n\t\t\t\t\t<div class=\"elementor-column elementor-col-50 elementor-inner-column elementor-element elementor-element-295df12\" data-id=\"295df12\" data-element_type=\"column\">\n\t\t\t<div class=\"elementor-widget-wrap elementor-element-populated\">\n\t\t\t\t\t\t<div class=\"elementor-element elementor-element-2370aad elementor-widget elementor-widget-heading\" data-id=\"2370aad\" data-element_type=\"widget\" data-widget_type=\"heading.default\">\n\t\t\t\t<div class=\"elementor-widget-container\">\n\t\t\t\t\t<h4 class=\"elementor-heading-title elementor-size-default\">Informations \u00e9ditoriales <\/h4>\t\t\t\t<\/div>\n\t\t\t\t<\/div>\n\t\t\t\t<div class=\"elementor-element elementor-element-ce9d967 elementor-widget elementor-widget-text-editor\" data-id=\"ce9d967\" data-element_type=\"widget\" data-widget_type=\"text-editor.default\">\n\t\t\t\t<div class=\"elementor-widget-container\">\n\t\t\t\t\t\t\t\t\t<p><strong>Title<\/strong> : <a href=\"https:\/\/nomopolis.org\/en\/\">Nomopolis<\/a><\/p><p><strong>periodicity<\/strong> : annual<\/p><p><strong>year of creation<\/strong> : 2022<\/p><p><strong>Editor<\/strong> : <a href=\"https:\/\/centrejeanbodin.univ-angers.fr\/fr\/accueil-cjb.html\">Centre Jean Bodin<\/a><\/p>\t\t\t\t\t\t\t\t<\/div>\n\t\t\t\t<\/div>\n\t\t\t\t\t<\/div>\n\t\t<\/div>\n\t\t\t\t<div class=\"elementor-column elementor-col-50 elementor-inner-column elementor-element elementor-element-89b0630\" data-id=\"89b0630\" data-element_type=\"column\">\n\t\t\t<div class=\"elementor-widget-wrap elementor-element-populated\">\n\t\t\t\t\t\t<div class=\"elementor-element elementor-element-23522c2 elementor-widget elementor-widget-heading\" data-id=\"23522c2\" data-element_type=\"widget\" data-widget_type=\"heading.default\">\n\t\t\t\t<div class=\"elementor-widget-container\">\n\t\t\t\t\t<h4 class=\"elementor-heading-title elementor-size-default\">Publishing policy<\/h4>\t\t\t\t<\/div>\n\t\t\t\t<\/div>\n\t\t\t\t<div class=\"elementor-element elementor-element-df398dc elementor-widget elementor-widget-text-editor\" data-id=\"df398dc\" data-element_type=\"widget\" data-widget_type=\"text-editor.default\">\n\t\t\t\t<div class=\"elementor-widget-container\">\n\t\t\t\t\t\t\t\t\t<p>- Articles are freely accessible as soon as they are published<\/p><p>- Submission fees: none<\/p><p>- Publication fees: none<\/p>\t\t\t\t\t\t\t\t<\/div>\n\t\t\t\t<\/div>\n\t\t\t\t\t<\/div>\n\t\t<\/div>\n\t\t\t\t\t<\/div>\n\t\t<\/section>\n\t\t\t\t\t<\/div>\n\t\t<\/div>\n\t\t\t\t\t<\/div>\n\t\t<\/section>\n\t\t\t\t<\/div>","protected":false},"excerpt":{"rendered":"<p>Politique de publication Informations \u00e9ditoriales Titre : Nomopolis P\u00e9riodicit\u00e9 : annuelle Ann\u00e9e de cr\u00e9ation : 2022 Editeur : Centre Jean Bodin Politique de publication &#8211; Les articles sont en acc\u00e8s libre d\u00e8s leur publication &#8211; Frais de soumission : aucun &#8211; Frais de publication : aucun<\/p>","protected":false},"author":1,"featured_media":0,"parent":0,"menu_order":0,"comment_status":"closed","ping_status":"closed","template":"","meta":{"site-sidebar-layout":"no-sidebar","site-content-layout":"page-builder","ast-site-content-layout":"default","site-content-style":"default","site-sidebar-style":"default","ast-global-header-display":"","ast-banner-title-visibility":"","ast-main-header-display":"","ast-hfb-above-header-display":"","ast-hfb-below-header-display":"","ast-hfb-mobile-header-display":"","site-post-title":"disabled","ast-breadcrumbs-content":"","ast-featured-img":"disabled","footer-sml-layout":"","ast-disable-related-posts":"","theme-transparent-header-meta":"","adv-header-id-meta":"","stick-header-meta":"","header-above-stick-meta":"","header-main-stick-meta":"","header-below-stick-meta":"","astra-migrate-meta-layouts":"default","ast-page-background-enabled":"default","ast-page-background-meta":{"desktop":{"background-color":"","background-image":"","background-repeat":"repeat","background-position":"center center","background-size":"auto","background-attachment":"scroll","background-type":"","background-media":"","overlay-type":"","overlay-color":"","overlay-opacity":"","overlay-gradient":""},"tablet":{"background-color":"","background-image":"","background-repeat":"repeat","background-position":"center center","background-size":"auto","background-attachment":"scroll","background-type":"","background-media":"","overlay-type":"","overlay-color":"","overlay-opacity":"","overlay-gradient":""},"mobile":{"background-color":"","background-image":"","background-repeat":"repeat","background-position":"center center","background-size":"auto","background-attachment":"scroll","background-type":"","background-media":"","overlay-type":"","overlay-color":"","overlay-opacity":"","overlay-gradient":""}},"ast-content-background-meta":{"desktop":{"background-color":"var(--ast-global-color-5)","background-image":"","background-repeat":"repeat","background-position":"center center","background-size":"auto","background-attachment":"scroll","background-type":"","background-media":"","overlay-type":"","overlay-color":"","overlay-opacity":"","overlay-gradient":""},"tablet":{"background-color":"var(--ast-global-color-5)","background-image":"","background-repeat":"repeat","background-position":"center center","background-size":"auto","background-attachment":"scroll","background-type":"","background-media":"","overlay-type":"","overlay-color":"","overlay-opacity":"","overlay-gradient":""},"mobile":{"background-color":"var(--ast-global-color-5)","background-image":"","background-repeat":"repeat","background-position":"center center","background-size":"auto","background-attachment":"scroll","background-type":"","background-media":"","overlay-type":"","overlay-color":"","overlay-opacity":"","overlay-gradient":""}},"footnotes":""},"class_list":["post-25","page","type-page","status-publish","hentry"],"yoast_head":"<!-- This site is optimized with the Yoast SEO plugin v27.4 - https:\/\/yoast.com\/product\/yoast-seo-wordpress\/ -->\n<title>Politique de publication - Nomopolis<\/title>\n<meta name=\"description\" content=\"Afin d&#039;\u00eatre publi\u00e9 sur notre revue en ligne de Droit et de Science Politique Nomopolis, retrouvez ici notre politique de publication.\" \/>\n<meta name=\"robots\" content=\"index, follow, max-snippet:-1, max-image-preview:large, max-video-preview:-1\" \/>\n<link rel=\"canonical\" href=\"https:\/\/nomopolis.org\/en\/politique-de-publication\/\" \/>\n<meta property=\"og:locale\" content=\"en_GB\" \/>\n<meta property=\"og:type\" content=\"article\" \/>\n<meta property=\"og:title\" content=\"Politique de publication - Nomopolis\" \/>\n<meta property=\"og:description\" content=\"Afin d&#039;\u00eatre publi\u00e9 sur notre revue en ligne de Droit et de Science Politique Nomopolis, retrouvez ici notre politique de publication.\" \/>\n<meta property=\"og:url\" content=\"https:\/\/nomopolis.org\/en\/politique-de-publication\/\" \/>\n<meta property=\"og:site_name\" content=\"Nomopolis\" \/>\n<meta property=\"article:modified_time\" content=\"2022-10-15T15:17:37+00:00\" \/>\n<meta name=\"twitter:card\" content=\"summary_large_image\" \/>\n<meta name=\"twitter:label1\" content=\"Estimated reading time\" \/>\n\t<meta name=\"twitter:data1\" content=\"1 minute\" \/>\n<script type=\"application\/ld+json\" class=\"yoast-schema-graph\">{\"@context\":\"https:\\\/\\\/schema.org\",\"@graph\":[{\"@type\":\"WebPage\",\"@id\":\"https:\\\/\\\/nomopolis.org\\\/politique-de-publication\\\/\",\"url\":\"https:\\\/\\\/nomopolis.org\\\/politique-de-publication\\\/\",\"name\":\"Politique de publication - Nomopolis\",\"isPartOf\":{\"@id\":\"http:\\\/\\\/nomopolis.org\\\/#website\"},\"datePublished\":\"2022-06-10T13:05:44+00:00\",\"dateModified\":\"2022-10-15T15:17:37+00:00\",\"description\":\"Afin d'\u00eatre publi\u00e9 sur notre revue en ligne de Droit et de Science Politique Nomopolis, retrouvez ici notre politique de publication.\",\"breadcrumb\":{\"@id\":\"https:\\\/\\\/nomopolis.org\\\/politique-de-publication\\\/#breadcrumb\"},\"inLanguage\":\"en-GB\",\"potentialAction\":[{\"@type\":\"ReadAction\",\"target\":[\"https:\\\/\\\/nomopolis.org\\\/politique-de-publication\\\/\"]}]},{\"@type\":\"BreadcrumbList\",\"@id\":\"https:\\\/\\\/nomopolis.org\\\/politique-de-publication\\\/#breadcrumb\",\"itemListElement\":[{\"@type\":\"ListItem\",\"position\":1,\"name\":\"Accueil\",\"item\":\"https:\\\/\\\/nomopolis.org\\\/\"},{\"@type\":\"ListItem\",\"position\":2,\"name\":\"Politique de publication\"}]},{\"@type\":\"WebSite\",\"@id\":\"http:\\\/\\\/nomopolis.org\\\/#website\",\"url\":\"http:\\\/\\\/nomopolis.org\\\/\",\"name\":\"Nomopolis\",\"description\":\"La revue de droit et science politique\",\"publisher\":{\"@id\":\"http:\\\/\\\/nomopolis.org\\\/#organization\"},\"potentialAction\":[{\"@type\":\"SearchAction\",\"target\":{\"@type\":\"EntryPoint\",\"urlTemplate\":\"http:\\\/\\\/nomopolis.org\\\/?s={search_term_string}\"},\"query-input\":{\"@type\":\"PropertyValueSpecification\",\"valueRequired\":true,\"valueName\":\"search_term_string\"}}],\"inLanguage\":\"en-GB\"},{\"@type\":\"Organization\",\"@id\":\"http:\\\/\\\/nomopolis.org\\\/#organization\",\"name\":\"Nomopolis\",\"url\":\"http:\\\/\\\/nomopolis.org\\\/\",\"logo\":{\"@type\":\"ImageObject\",\"inLanguage\":\"en-GB\",\"@id\":\"http:\\\/\\\/nomopolis.org\\\/#\\\/schema\\\/logo\\\/image\\\/\",\"url\":\"http:\\\/\\\/nomopolis.org\\\/wp-content\\\/uploads\\\/2022\\\/06\\\/cropped-Dore_et_Noir_Vintage_Logo_2_-removebg-preview.png\",\"contentUrl\":\"http:\\\/\\\/nomopolis.org\\\/wp-content\\\/uploads\\\/2022\\\/06\\\/cropped-Dore_et_Noir_Vintage_Logo_2_-removebg-preview.png\",\"width\":460,\"height\":330,\"caption\":\"Nomopolis\"},\"image\":{\"@id\":\"http:\\\/\\\/nomopolis.org\\\/#\\\/schema\\\/logo\\\/image\\\/\"}}]}<\/script>\n<!-- \/ Yoast SEO plugin. -->","yoast_head_json":{"title":"Politique de publication - Nomopolis","description":"Afin d'\u00eatre publi\u00e9 sur notre revue en ligne de Droit et de Science Politique Nomopolis, retrouvez ici notre politique de publication.","robots":{"index":"index","follow":"follow","max-snippet":"max-snippet:-1","max-image-preview":"max-image-preview:large","max-video-preview":"max-video-preview:-1"},"canonical":"https:\/\/nomopolis.org\/en\/politique-de-publication\/","og_locale":"en_GB","og_type":"article","og_title":"Politique de publication - Nomopolis","og_description":"Afin d'\u00eatre publi\u00e9 sur notre revue en ligne de Droit et de Science Politique Nomopolis, retrouvez ici notre politique de publication.","og_url":"https:\/\/nomopolis.org\/en\/politique-de-publication\/","og_site_name":"Nomopolis","article_modified_time":"2022-10-15T15:17:37+00:00","twitter_card":"summary_large_image","twitter_misc":{"Estimated reading time":"1 minute"},"schema":{"@context":"https:\/\/schema.org","@graph":[{"@type":"WebPage","@id":"https:\/\/nomopolis.org\/politique-de-publication\/","url":"https:\/\/nomopolis.org\/politique-de-publication\/","name":"Politique de publication - Nomopolis","isPartOf":{"@id":"https:\/\/nomopolis.org\/#website"},"datePublished":"2022-06-10T13:05:44+00:00","dateModified":"2022-10-15T15:17:37+00:00","description":"Afin d'\u00eatre publi\u00e9 sur notre revue en ligne de Droit et de Science Politique Nomopolis, retrouvez ici notre politique de publication.","breadcrumb":{"@id":"https:\/\/nomopolis.org\/politique-de-publication\/#breadcrumb"},"inLanguage":"en-GB","potentialAction":[{"@type":"ReadAction","target":["https:\/\/nomopolis.org\/politique-de-publication\/"]}]},{"@type":"BreadcrumbList","@id":"https:\/\/nomopolis.org\/politique-de-publication\/#breadcrumb","itemListElement":[{"@type":"ListItem","position":1,"name":"Accueil","item":"https:\/\/nomopolis.org\/"},{"@type":"ListItem","position":2,"name":"Politique de publication"}]},{"@type":"WebSite","@id":"https:\/\/nomopolis.org\/#website","url":"https:\/\/nomopolis.org\/","name":"Nomopolis","description":"La revue de droit et science politique","publisher":{"@id":"https:\/\/nomopolis.org\/#organization"},"potentialAction":[{"@type":"SearchAction","target":{"@type":"EntryPoint","urlTemplate":"https:\/\/nomopolis.org\/?s={search_term_string}"},"query-input":{"@type":"PropertyValueSpecification","valueRequired":true,"valueName":"search_term_string"}}],"inLanguage":"en-GB"},{"@type":"Organization","@id":"https:\/\/nomopolis.org\/#organization","name":"Nomopolis","url":"https:\/\/nomopolis.org\/","logo":{"@type":"ImageObject","inLanguage":"en-GB","@id":"https:\/\/nomopolis.org\/#\/schema\/logo\/image\/","url":"https:\/\/nomopolis.org\/wp-content\/uploads\/2022\/06\/cropped-Dore_et_Noir_Vintage_Logo_2_-removebg-preview.png","contentUrl":"https:\/\/nomopolis.org\/wp-content\/uploads\/2022\/06\/cropped-Dore_et_Noir_Vintage_Logo_2_-removebg-preview.png","width":460,"height":330,"caption":"Nomopolis"},"image":{"@id":"https:\/\/nomopolis.org\/#\/schema\/logo\/image\/"}}]}},"_links":{"self":[{"href":"https:\/\/nomopolis.org\/en\/wp-json\/wp\/v2\/pages\/25","targetHints":{"allow":["GET"]}}],"collection":[{"href":"https:\/\/nomopolis.org\/en\/wp-json\/wp\/v2\/pages"}],"about":[{"href":"https:\/\/nomopolis.org\/en\/wp-json\/wp\/v2\/types\/page"}],"author":[{"embeddable":true,"href":"https:\/\/nomopolis.org\/en\/wp-json\/wp\/v2\/users\/1"}],"replies":[{"embeddable":true,"href":"https:\/\/nomopolis.org\/en\/wp-json\/wp\/v2\/comments?post=25"}],"version-history":[{"count":28,"href":"https:\/\/nomopolis.org\/en\/wp-json\/wp\/v2\/pages\/25\/revisions"}],"predecessor-version":[{"id":3028,"href":"https:\/\/nomopolis.org\/en\/wp-json\/wp\/v2\/pages\/25\/revisions\/3028"}],"wp:attachment":[{"href":"https:\/\/nomopolis.org\/en\/wp-json\/wp\/v2\/media?parent=25"}],"curies":[{"name":"wp","href":"https:\/\/api.w.org\/{rel}","templated":true}]}}