{"id":31,"date":"2022-06-10T15:08:01","date_gmt":"2022-06-10T13:08:01","guid":{"rendered":"https:\/\/nomopolis.org\/?page_id=31"},"modified":"2022-07-11T16:45:06","modified_gmt":"2022-07-11T14:45:06","slug":"procedures-evaluation","status":"publish","type":"page","link":"https:\/\/nomopolis.org\/en\/procedures-evaluation\/","title":{"rendered":"Proc\u00e9dures d&rsquo;\u00e9valuation"},"content":{"rendered":"<div data-elementor-type=\"wp-page\" data-elementor-id=\"31\" class=\"elementor elementor-31\">\n\t\t\t\t\t\t<section class=\"elementor-section elementor-top-section elementor-element elementor-element-dcb0f9e elementor-section-boxed elementor-section-height-default elementor-section-height-default\" data-id=\"dcb0f9e\" data-element_type=\"section\">\n\t\t\t\t\t\t<div class=\"elementor-container elementor-column-gap-default\">\n\t\t\t\t\t<div class=\"elementor-column elementor-col-100 elementor-top-column elementor-element elementor-element-950e0f9\" data-id=\"950e0f9\" data-element_type=\"column\">\n\t\t\t<div class=\"elementor-widget-wrap elementor-element-populated\">\n\t\t\t\t\t\t<div class=\"elementor-element elementor-element-e68e15d elementor-widget elementor-widget-spacer\" data-id=\"e68e15d\" data-element_type=\"widget\" data-widget_type=\"spacer.default\">\n\t\t\t\t<div class=\"elementor-widget-container\">\n\t\t\t\t\t\t\t<div class=\"elementor-spacer\">\n\t\t\t<div class=\"elementor-spacer-inner\"><\/div>\n\t\t<\/div>\n\t\t\t\t\t\t<\/div>\n\t\t\t\t<\/div>\n\t\t\t\t<div class=\"elementor-element elementor-element-b41ac9b elementor-widget elementor-widget-heading\" data-id=\"b41ac9b\" data-element_type=\"widget\" data-widget_type=\"heading.default\">\n\t\t\t\t<div class=\"elementor-widget-container\">\n\t\t\t\t\t<h2 class=\"elementor-heading-title elementor-size-default\">Papers Evaluation<\/h2>\t\t\t\t<\/div>\n\t\t\t\t<\/div>\n\t\t\t\t<div class=\"elementor-element elementor-element-200f2e3 elementor-widget elementor-widget-text-editor\" data-id=\"200f2e3\" data-element_type=\"widget\" data-widget_type=\"text-editor.default\">\n\t\t\t\t<div class=\"elementor-widget-container\">\n\t\t\t\t\t\t\t\t\t<p>\u00a0<\/p><p style=\"text-align: center;\"><span style=\"color: #0000ff;\"><strong>Articles sent to the journal are evaluated in the following way<\/strong><\/span><\/p><p>\u00a0<\/p><p><span style=\"color: #0000ff;\"><strong>1 \u2013 Double-blind peer review<\/strong><\/span><\/p><p>A first reading is done by two evaluators separately. A feedback is gathered, including 3 possible outcomes:  1) Acceptance without modifications 2) request for modifications 3) refusal.<\/p><p><strong><span style=\"color: #0000ff;\">2 \u2013 Reports sent to the author with advice from the Editorial board<\/span><\/strong><\/p><p>Based on the reviewer's conclusion, the Editorial board informs the author of its decision (reached outcome) and, if necessary, makes a request for modifications. The new article must be submitted within 2 months.<\/p><p><span style=\"color: #0000ff;\"><strong>3 \u2013 Review of the new article<\/strong><\/span><\/p><p>If modifications were requested, the new article is returned to the reviewers, who decide on the publication.\u00a0<\/p>\t\t\t\t\t\t\t\t<\/div>\n\t\t\t\t<\/div>\n\t\t\t\t\t<\/div>\n\t\t<\/div>\n\t\t\t\t\t<\/div>\n\t\t<\/section>\n\t\t\t\t<\/div>","protected":false},"excerpt":{"rendered":"<p>Proc\u00e9dures d&rsquo;\u00e9valuation \u00a0 Les articles envoy\u00e9s \u00e0 la revue sont \u00e9valu\u00e9s selon les modalit\u00e9s suivantes \u00a0 1 &#8211; Evaluation en double aveugle par les pairs Une premi\u00e8re lecture est effectu\u00e9e par deux \u00e9valuateurs. Un rapport est rendu, comprenant 3 appr\u00e9ciations possibles : Acceptation sans modifications, demande de modifications ou refus. 2 &#8211; Envoi des rapports [&hellip;]<\/p>\n","protected":false},"author":1,"featured_media":0,"parent":0,"menu_order":0,"comment_status":"closed","ping_status":"closed","template":"","meta":{"site-sidebar-layout":"no-sidebar","site-content-layout":"page-builder","ast-site-content-layout":"default","site-content-style":"default","site-sidebar-style":"default","ast-global-header-display":"","ast-banner-title-visibility":"","ast-main-header-display":"","ast-hfb-above-header-display":"","ast-hfb-below-header-display":"","ast-hfb-mobile-header-display":"","site-post-title":"disabled","ast-breadcrumbs-content":"","ast-featured-img":"disabled","footer-sml-layout":"","ast-disable-related-posts":"","theme-transparent-header-meta":"","adv-header-id-meta":"","stick-header-meta":"","header-above-stick-meta":"","header-main-stick-meta":"","header-below-stick-meta":"","astra-migrate-meta-layouts":"default","ast-page-background-enabled":"default","ast-page-background-meta":{"desktop":{"background-color":"","background-image":"","background-repeat":"repeat","background-position":"center center","background-size":"auto","background-attachment":"scroll","background-type":"","background-media":"","overlay-type":"","overlay-color":"","overlay-opacity":"","overlay-gradient":""},"tablet":{"background-color":"","background-image":"","background-repeat":"repeat","background-position":"center center","background-size":"auto","background-attachment":"scroll","background-type":"","background-media":"","overlay-type":"","overlay-color":"","overlay-opacity":"","overlay-gradient":""},"mobile":{"background-color":"","background-image":"","background-repeat":"repeat","background-position":"center center","background-size":"auto","background-attachment":"scroll","background-type":"","background-media":"","overlay-type":"","overlay-color":"","overlay-opacity":"","overlay-gradient":""}},"ast-content-background-meta":{"desktop":{"background-color":"var(--ast-global-color-5)","background-image":"","background-repeat":"repeat","background-position":"center center","background-size":"auto","background-attachment":"scroll","background-type":"","background-media":"","overlay-type":"","overlay-color":"","overlay-opacity":"","overlay-gradient":""},"tablet":{"background-color":"var(--ast-global-color-5)","background-image":"","background-repeat":"repeat","background-position":"center center","background-size":"auto","background-attachment":"scroll","background-type":"","background-media":"","overlay-type":"","overlay-color":"","overlay-opacity":"","overlay-gradient":""},"mobile":{"background-color":"var(--ast-global-color-5)","background-image":"","background-repeat":"repeat","background-position":"center center","background-size":"auto","background-attachment":"scroll","background-type":"","background-media":"","overlay-type":"","overlay-color":"","overlay-opacity":"","overlay-gradient":""}},"footnotes":""},"class_list":["post-31","page","type-page","status-publish","hentry"],"yoast_head":"<!-- This site is optimized with the Yoast SEO plugin v27.3 - https:\/\/yoast.com\/product\/yoast-seo-wordpress\/ -->\n<title>Proc\u00e9dures d&#039;\u00e9valuation - Nomopolis<\/title>\n<meta name=\"description\" content=\"Nomopolis est une revue internationale de Droit et de Science Politique \u00e0 destination des chercheurs et passionn\u00e9s de ces domaines\" \/>\n<meta name=\"robots\" content=\"index, follow, max-snippet:-1, max-image-preview:large, max-video-preview:-1\" \/>\n<link rel=\"canonical\" href=\"https:\/\/nomopolis.org\/en\/procedures-evaluation\/\" \/>\n<meta property=\"og:locale\" content=\"en_GB\" \/>\n<meta property=\"og:type\" content=\"article\" \/>\n<meta property=\"og:title\" content=\"Proc\u00e9dures d&#039;\u00e9valuation - Nomopolis\" \/>\n<meta property=\"og:description\" content=\"Nomopolis est une revue internationale de Droit et de Science Politique \u00e0 destination des chercheurs et passionn\u00e9s de ces domaines\" \/>\n<meta property=\"og:url\" content=\"https:\/\/nomopolis.org\/en\/procedures-evaluation\/\" \/>\n<meta property=\"og:site_name\" content=\"Nomopolis\" \/>\n<meta property=\"article:modified_time\" content=\"2022-07-11T14:45:06+00:00\" \/>\n<meta name=\"twitter:card\" content=\"summary_large_image\" \/>\n<meta name=\"twitter:label1\" content=\"Estimated reading time\" \/>\n\t<meta name=\"twitter:data1\" content=\"1 minute\" \/>\n<script type=\"application\/ld+json\" class=\"yoast-schema-graph\">{\"@context\":\"https:\\\/\\\/schema.org\",\"@graph\":[{\"@type\":\"WebPage\",\"@id\":\"https:\\\/\\\/nomopolis.org\\\/procedures-evaluation\\\/\",\"url\":\"https:\\\/\\\/nomopolis.org\\\/procedures-evaluation\\\/\",\"name\":\"Proc\u00e9dures d'\u00e9valuation - Nomopolis\",\"isPartOf\":{\"@id\":\"http:\\\/\\\/nomopolis.org\\\/#website\"},\"datePublished\":\"2022-06-10T13:08:01+00:00\",\"dateModified\":\"2022-07-11T14:45:06+00:00\",\"description\":\"Nomopolis est une revue internationale de Droit et de Science Politique \u00e0 destination des chercheurs et passionn\u00e9s de ces domaines\",\"breadcrumb\":{\"@id\":\"https:\\\/\\\/nomopolis.org\\\/procedures-evaluation\\\/#breadcrumb\"},\"inLanguage\":\"en-GB\",\"potentialAction\":[{\"@type\":\"ReadAction\",\"target\":[\"https:\\\/\\\/nomopolis.org\\\/procedures-evaluation\\\/\"]}]},{\"@type\":\"BreadcrumbList\",\"@id\":\"https:\\\/\\\/nomopolis.org\\\/procedures-evaluation\\\/#breadcrumb\",\"itemListElement\":[{\"@type\":\"ListItem\",\"position\":1,\"name\":\"Accueil\",\"item\":\"https:\\\/\\\/nomopolis.org\\\/\"},{\"@type\":\"ListItem\",\"position\":2,\"name\":\"Proc\u00e9dures d&rsquo;\u00e9valuation\"}]},{\"@type\":\"WebSite\",\"@id\":\"http:\\\/\\\/nomopolis.org\\\/#website\",\"url\":\"http:\\\/\\\/nomopolis.org\\\/\",\"name\":\"Nomopolis\",\"description\":\"La revue de droit et science politique\",\"publisher\":{\"@id\":\"http:\\\/\\\/nomopolis.org\\\/#organization\"},\"potentialAction\":[{\"@type\":\"SearchAction\",\"target\":{\"@type\":\"EntryPoint\",\"urlTemplate\":\"http:\\\/\\\/nomopolis.org\\\/?s={search_term_string}\"},\"query-input\":{\"@type\":\"PropertyValueSpecification\",\"valueRequired\":true,\"valueName\":\"search_term_string\"}}],\"inLanguage\":\"en-GB\"},{\"@type\":\"Organization\",\"@id\":\"http:\\\/\\\/nomopolis.org\\\/#organization\",\"name\":\"Nomopolis\",\"url\":\"http:\\\/\\\/nomopolis.org\\\/\",\"logo\":{\"@type\":\"ImageObject\",\"inLanguage\":\"en-GB\",\"@id\":\"http:\\\/\\\/nomopolis.org\\\/#\\\/schema\\\/logo\\\/image\\\/\",\"url\":\"http:\\\/\\\/nomopolis.org\\\/wp-content\\\/uploads\\\/2022\\\/06\\\/cropped-Dore_et_Noir_Vintage_Logo_2_-removebg-preview.png\",\"contentUrl\":\"http:\\\/\\\/nomopolis.org\\\/wp-content\\\/uploads\\\/2022\\\/06\\\/cropped-Dore_et_Noir_Vintage_Logo_2_-removebg-preview.png\",\"width\":460,\"height\":330,\"caption\":\"Nomopolis\"},\"image\":{\"@id\":\"http:\\\/\\\/nomopolis.org\\\/#\\\/schema\\\/logo\\\/image\\\/\"}}]}<\/script>\n<!-- \/ Yoast SEO plugin. -->","yoast_head_json":{"title":"Proc\u00e9dures d'\u00e9valuation - Nomopolis","description":"Nomopolis est une revue internationale de Droit et de Science Politique \u00e0 destination des chercheurs et passionn\u00e9s de ces domaines","robots":{"index":"index","follow":"follow","max-snippet":"max-snippet:-1","max-image-preview":"max-image-preview:large","max-video-preview":"max-video-preview:-1"},"canonical":"https:\/\/nomopolis.org\/en\/procedures-evaluation\/","og_locale":"en_GB","og_type":"article","og_title":"Proc\u00e9dures d'\u00e9valuation - Nomopolis","og_description":"Nomopolis est une revue internationale de Droit et de Science Politique \u00e0 destination des chercheurs et passionn\u00e9s de ces domaines","og_url":"https:\/\/nomopolis.org\/en\/procedures-evaluation\/","og_site_name":"Nomopolis","article_modified_time":"2022-07-11T14:45:06+00:00","twitter_card":"summary_large_image","twitter_misc":{"Estimated reading time":"1 minute"},"schema":{"@context":"https:\/\/schema.org","@graph":[{"@type":"WebPage","@id":"https:\/\/nomopolis.org\/procedures-evaluation\/","url":"https:\/\/nomopolis.org\/procedures-evaluation\/","name":"Proc\u00e9dures d'\u00e9valuation - Nomopolis","isPartOf":{"@id":"https:\/\/nomopolis.org\/#website"},"datePublished":"2022-06-10T13:08:01+00:00","dateModified":"2022-07-11T14:45:06+00:00","description":"Nomopolis est une revue internationale de Droit et de Science Politique \u00e0 destination des chercheurs et passionn\u00e9s de ces domaines","breadcrumb":{"@id":"https:\/\/nomopolis.org\/procedures-evaluation\/#breadcrumb"},"inLanguage":"en-GB","potentialAction":[{"@type":"ReadAction","target":["https:\/\/nomopolis.org\/procedures-evaluation\/"]}]},{"@type":"BreadcrumbList","@id":"https:\/\/nomopolis.org\/procedures-evaluation\/#breadcrumb","itemListElement":[{"@type":"ListItem","position":1,"name":"Accueil","item":"https:\/\/nomopolis.org\/"},{"@type":"ListItem","position":2,"name":"Proc\u00e9dures d&rsquo;\u00e9valuation"}]},{"@type":"WebSite","@id":"https:\/\/nomopolis.org\/#website","url":"https:\/\/nomopolis.org\/","name":"Nomopolis","description":"La revue de droit et science politique","publisher":{"@id":"https:\/\/nomopolis.org\/#organization"},"potentialAction":[{"@type":"SearchAction","target":{"@type":"EntryPoint","urlTemplate":"https:\/\/nomopolis.org\/?s={search_term_string}"},"query-input":{"@type":"PropertyValueSpecification","valueRequired":true,"valueName":"search_term_string"}}],"inLanguage":"en-GB"},{"@type":"Organization","@id":"https:\/\/nomopolis.org\/#organization","name":"Nomopolis","url":"https:\/\/nomopolis.org\/","logo":{"@type":"ImageObject","inLanguage":"en-GB","@id":"https:\/\/nomopolis.org\/#\/schema\/logo\/image\/","url":"https:\/\/nomopolis.org\/wp-content\/uploads\/2022\/06\/cropped-Dore_et_Noir_Vintage_Logo_2_-removebg-preview.png","contentUrl":"https:\/\/nomopolis.org\/wp-content\/uploads\/2022\/06\/cropped-Dore_et_Noir_Vintage_Logo_2_-removebg-preview.png","width":460,"height":330,"caption":"Nomopolis"},"image":{"@id":"https:\/\/nomopolis.org\/#\/schema\/logo\/image\/"}}]}},"_links":{"self":[{"href":"https:\/\/nomopolis.org\/en\/wp-json\/wp\/v2\/pages\/31","targetHints":{"allow":["GET"]}}],"collection":[{"href":"https:\/\/nomopolis.org\/en\/wp-json\/wp\/v2\/pages"}],"about":[{"href":"https:\/\/nomopolis.org\/en\/wp-json\/wp\/v2\/types\/page"}],"author":[{"embeddable":true,"href":"https:\/\/nomopolis.org\/en\/wp-json\/wp\/v2\/users\/1"}],"replies":[{"embeddable":true,"href":"https:\/\/nomopolis.org\/en\/wp-json\/wp\/v2\/comments?post=31"}],"version-history":[{"count":25,"href":"https:\/\/nomopolis.org\/en\/wp-json\/wp\/v2\/pages\/31\/revisions"}],"predecessor-version":[{"id":2550,"href":"https:\/\/nomopolis.org\/en\/wp-json\/wp\/v2\/pages\/31\/revisions\/2550"}],"wp:attachment":[{"href":"https:\/\/nomopolis.org\/en\/wp-json\/wp\/v2\/media?parent=31"}],"curies":[{"name":"wp","href":"https:\/\/api.w.org\/{rel}","templated":true}]}}